{"id":8303,"date":"2021-08-25T09:00:10","date_gmt":"2021-08-25T07:00:10","guid":{"rendered":"https:\/\/www.promogen.cz\/kontakt-2\/"},"modified":"2024-03-04T03:43:44","modified_gmt":"2024-03-04T02:43:44","slug":"chci-konzultaci","status":"publish","type":"page","link":"https:\/\/promogen.cz\/en\/chci-konzultaci\/","title":{"rendered":"I WANT A CONSULTATION"},"content":{"rendered":"<div class=\"vc_row wpb_row vc_row-fluid vc_custom_1662638437637 wd-rs-6319d95f059c7\"><div class=\"wpb_column vc_column_container vc_col-sm-12\"><div class=\"vc_column-inner\"><div class=\"wpb_wrapper\">\t\t\t<link rel=\"stylesheet\" id=\"wd-section-title-css\" href=\"https:\/\/promogen.cz\/wp-content\/themes\/woodmart\/css\/parts\/el-section-title.min.css?ver=6.5.4\" type=\"text\/css\" media=\"all\" \/> \t\t\t\t\t\t<link rel=\"stylesheet\" id=\"wd-mod-highlighted-text-css\" href=\"https:\/\/promogen.cz\/wp-content\/themes\/woodmart\/css\/parts\/mod-highlighted-text.min.css?ver=6.5.4\" type=\"text\/css\" media=\"all\" \/> \t\t\t\n\t\t<div id=\"wd-6319d9403df09\" class=\"title-wrapper wd-wpb set-mb-s reset-last-child  wd-rs-6319d9403df09 wd-title-color-default wd-title-style-default text-center  wd-underline-colored\">\n\t\t\t\t\t\t\t<div class=\"title-subtitle  subtitle-color-default font-default subtitle-style-default wd-font-weight- wd-fontsize-m\">- Write us -<\/div>\n\t\t\t\n\t\t\t<div class=\"liner-continer\">\n\t\t\t\t<h4 class=\"woodmart-title-container title  wd-font-weight- wd-fontsize-xxxl\" >What can we help you with?<\/h4>\n\t\t\t\t\t\t\t<\/div>\n\t\t\t\n\t\t\t\n\t\t\t\n\t\t<\/div>\n\t\t\n\t\t<div class=\"wpforms-container wpforms-container-full\" id=\"wpforms-9292\"><form id=\"wpforms-form-9292\" class=\"wpforms-validate wpforms-form wpforms-ajax-form\" data-formid=\"9292\" method=\"post\" enctype=\"multipart\/form-data\" action=\"\/en\/wp-json\/wp\/v2\/pages\/8303\" data-token=\"8bf6e017638f580f632c0cf1ab01d45a\" data-trp-original-action=\"\/en\/wp-json\/wp\/v2\/pages\/8303\"><noscript class=\"wpforms-error-noscript\">Please enable JavaScript in your browser to complete this form.<\/noscript><div class=\"wpforms-field-container\"><div id=\"wpforms-9292-field_3-container\" class=\"wpforms-field wpforms-field-text wpforms-one-half wpforms-first\" data-field-id=\"3\"><label class=\"wpforms-field-label\" for=\"wpforms-9292-field_3\">Name <span class=\"wpforms-required-label\">*<\/span><\/label><input type=\"text\" id=\"wpforms-9292-field_3\" class=\"wpforms-field-large wpforms-field-required\" name=\"wpforms[fields][3]\" required><\/div><div id=\"wpforms-9292-field_4-container\" class=\"wpforms-field wpforms-field-email wpforms-one-half\" data-field-id=\"4\"><label class=\"wpforms-field-label\" for=\"wpforms-9292-field_4\">E-mail <span class=\"wpforms-required-label\">*<\/span><\/label><input type=\"email\" id=\"wpforms-9292-field_4\" class=\"wpforms-field-large wpforms-field-required\" name=\"wpforms[fields][4]\" required><\/div><div id=\"wpforms-9292-field_5-container\" class=\"wpforms-field wpforms-field-text wpforms-one-half wpforms-first\" data-field-id=\"5\"><label class=\"wpforms-field-label\" for=\"wpforms-9292-field_5\">Phone <span class=\"wpforms-required-label\">*<\/span><\/label><input type=\"text\" id=\"wpforms-9292-field_5\" class=\"wpforms-field-large wpforms-field-required\" name=\"wpforms[fields][5]\" required><\/div><div id=\"wpforms-9292-field_6-container\" class=\"wpforms-field wpforms-field-text wpforms-one-half\" data-field-id=\"6\"><label class=\"wpforms-field-label\" for=\"wpforms-9292-field_6\">Firm<\/label><input type=\"text\" id=\"wpforms-9292-field_6\" class=\"wpforms-field-large\" name=\"wpforms[fields][6]\" ><\/div><div id=\"wpforms-9292-field_8-container\" class=\"wpforms-field wpforms-field-textarea\" data-field-id=\"8\"><label class=\"wpforms-field-label\" for=\"wpforms-9292-field_8\">Your message <span class=\"wpforms-required-label\">*<\/span><\/label><textarea id=\"wpforms-9292-field_8\" class=\"wpforms-field-medium wpforms-field-required\" name=\"wpforms[fields][8]\" required><\/textarea><\/div><\/div><input type=\"hidden\" name=\"wpforms[recaptcha]\" value=\"\"><div class=\"wpforms-submit-container\"><input type=\"hidden\" name=\"wpforms[id]\" value=\"9292\"><input type=\"hidden\" name=\"wpforms[author]\" value=\"1\"><button type=\"submit\" name=\"wpforms[submit]\" id=\"wpforms-submit-9292\" class=\"wpforms-submit\" data-alt-text=\"Odes\u00edl\u00e1ni...\" data-submit-text=\"Odeslat\" aria-live=\"assertive\" value=\"wpforms-submit\">Send<\/button><img loading=\"lazy\" decoding=\"async\" src=\"https:\/\/promogen.cz\/wp-content\/plugins\/wpforms\/assets\/images\/submit-spin.svg\" class=\"wpforms-submit-spinner\" style=\"display: none;\" width=\"26\" height=\"26\" alt=\"\"><\/div><input type=\"hidden\" name=\"trp-form-language\" value=\"en\"\/><\/form><\/div>  <!-- .wpforms-container --><\/div><\/div><\/div><\/div>","protected":false},"excerpt":{"rendered":"- Contact us - What can we help you with? Please enable JavaScript in your browser to complete this form.Name *E-mail","protected":false},"author":1,"featured_media":0,"parent":0,"menu_order":0,"comment_status":"closed","ping_status":"closed","template":"","meta":{"footnotes":""},"class_list":["post-8303","page","type-page","status-publish","hentry"],"yoast_head":"<!-- This site is optimized with the Yoast SEO plugin v24.4 - https:\/\/yoast.com\/wordpress\/plugins\/seo\/ -->\n<title>CHCI KONZULTACI - PromoGEN.cz<\/title>\n<meta name=\"robots\" content=\"index, follow, max-snippet:-1, max-image-preview:large, max-video-preview:-1\" \/>\n<link rel=\"canonical\" href=\"https:\/\/promogen.cz\/en\/chci-konzultaci\/\" \/>\n<meta property=\"og:locale\" content=\"en_GB\" \/>\n<meta property=\"og:type\" content=\"article\" \/>\n<meta property=\"og:title\" content=\"CHCI KONZULTACI - PromoGEN.cz\" \/>\n<meta property=\"og:url\" content=\"https:\/\/promogen.cz\/en\/chci-konzultaci\/\" \/>\n<meta property=\"og:site_name\" content=\"PromoGEN.cz\" \/>\n<meta property=\"article:publisher\" content=\"https:\/\/www.facebook.com\/promogencz\" \/>\n<meta property=\"article:modified_time\" content=\"2024-03-04T02:43:44+00:00\" \/>\n<meta property=\"og:image\" content=\"https:\/\/promogen.cz\/wp-content\/uploads\/2025\/06\/logoPG.jpg\" \/>\n\t<meta property=\"og:image:width\" content=\"317\" \/>\n\t<meta property=\"og:image:height\" content=\"83\" \/>\n\t<meta property=\"og:image:type\" content=\"image\/jpeg\" \/>\n<meta name=\"twitter:card\" content=\"summary_large_image\" \/>\n<meta name=\"twitter:label1\" content=\"Estimated reading time\" \/>\n\t<meta name=\"twitter:data1\" content=\"1 minute\" \/>\n<script type=\"application\/ld+json\" class=\"yoast-schema-graph\">{\"@context\":\"https:\/\/schema.org\",\"@graph\":[{\"@type\":\"WebPage\",\"@id\":\"https:\/\/promogen.cz\/chci-konzultaci\/\",\"url\":\"https:\/\/promogen.cz\/chci-konzultaci\/\",\"name\":\"CHCI KONZULTACI - PromoGEN.cz\",\"isPartOf\":{\"@id\":\"https:\/\/promogen.cz\/en\/#website\"},\"datePublished\":\"2021-08-25T07:00:10+00:00\",\"dateModified\":\"2024-03-04T02:43:44+00:00\",\"breadcrumb\":{\"@id\":\"https:\/\/promogen.cz\/chci-konzultaci\/#breadcrumb\"},\"inLanguage\":\"en-GB\",\"potentialAction\":[{\"@type\":\"ReadAction\",\"target\":[\"https:\/\/promogen.cz\/chci-konzultaci\/\"]}]},{\"@type\":\"BreadcrumbList\",\"@id\":\"https:\/\/promogen.cz\/chci-konzultaci\/#breadcrumb\",\"itemListElement\":[{\"@type\":\"ListItem\",\"position\":1,\"name\":\"Home\",\"item\":\"https:\/\/promogen.cz\/\"},{\"@type\":\"ListItem\",\"position\":2,\"name\":\"CHCI KONZULTACI\"}]},{\"@type\":\"WebSite\",\"@id\":\"https:\/\/promogen.cz\/en\/#website\",\"url\":\"https:\/\/promogen.cz\/en\/\",\"name\":\"E-mailing | V\u00fdkonnostn\u00ed kampan\u011b | E-shopy a weby | Tiskov\u00e9 slu\u017eby\",\"description\":\"Marketingov\u00e1 agentura\",\"publisher\":{\"@id\":\"https:\/\/promogen.cz\/en\/#organization\"},\"alternateName\":\"PromoGEN - Marketingov\u00e1 agentura\",\"potentialAction\":[{\"@type\":\"SearchAction\",\"target\":{\"@type\":\"EntryPoint\",\"urlTemplate\":\"https:\/\/promogen.cz\/en\/?s={search_term_string}\"},\"query-input\":{\"@type\":\"PropertyValueSpecification\",\"valueRequired\":true,\"valueName\":\"search_term_string\"}}],\"inLanguage\":\"en-GB\"},{\"@type\":\"Organization\",\"@id\":\"https:\/\/promogen.cz\/en\/#organization\",\"name\":\"E-mailing | V\u00fdkonnostn\u00ed kampan\u011b | E-shopy a weby | Tiskov\u00e9 slu\u017eby\",\"url\":\"https:\/\/promogen.cz\/en\/\",\"logo\":{\"@type\":\"ImageObject\",\"inLanguage\":\"en-GB\",\"@id\":\"https:\/\/promogen.cz\/en\/#\/schema\/logo\/image\/\",\"url\":\"https:\/\/promogen.cz\/wp-content\/uploads\/2025\/06\/logoPG.jpg\",\"contentUrl\":\"https:\/\/promogen.cz\/wp-content\/uploads\/2025\/06\/logoPG.jpg\",\"width\":317,\"height\":83,\"caption\":\"E-mailing | V\u00fdkonnostn\u00ed kampan\u011b | E-shopy a weby | Tiskov\u00e9 slu\u017eby\"},\"image\":{\"@id\":\"https:\/\/promogen.cz\/en\/#\/schema\/logo\/image\/\"},\"sameAs\":[\"https:\/\/www.facebook.com\/promogencz\",\"https:\/\/www.linkedin.com\/company\/promogencz\"]}]}<\/script>\n<!-- \/ Yoast SEO plugin. -->","yoast_head_json":{"title":"CHCI KONZULTACI - PromoGEN.cz","robots":{"index":"index","follow":"follow","max-snippet":"max-snippet:-1","max-image-preview":"max-image-preview:large","max-video-preview":"max-video-preview:-1"},"canonical":"https:\/\/promogen.cz\/en\/chci-konzultaci\/","og_locale":"en_GB","og_type":"article","og_title":"CHCI KONZULTACI - PromoGEN.cz","og_url":"https:\/\/promogen.cz\/en\/chci-konzultaci\/","og_site_name":"PromoGEN.cz","article_publisher":"https:\/\/www.facebook.com\/promogencz","article_modified_time":"2024-03-04T02:43:44+00:00","og_image":[{"width":317,"height":83,"url":"https:\/\/promogen.cz\/wp-content\/uploads\/2025\/06\/logoPG.jpg","type":"image\/jpeg"}],"twitter_card":"summary_large_image","twitter_misc":{"Estimated reading time":"1 minute"},"schema":{"@context":"https:\/\/schema.org","@graph":[{"@type":"WebPage","@id":"https:\/\/promogen.cz\/chci-konzultaci\/","url":"https:\/\/promogen.cz\/chci-konzultaci\/","name":"CHCI KONZULTACI - PromoGEN.cz","isPartOf":{"@id":"https:\/\/promogen.cz\/en\/#website"},"datePublished":"2021-08-25T07:00:10+00:00","dateModified":"2024-03-04T02:43:44+00:00","breadcrumb":{"@id":"https:\/\/promogen.cz\/chci-konzultaci\/#breadcrumb"},"inLanguage":"en-GB","potentialAction":[{"@type":"ReadAction","target":["https:\/\/promogen.cz\/chci-konzultaci\/"]}]},{"@type":"BreadcrumbList","@id":"https:\/\/promogen.cz\/chci-konzultaci\/#breadcrumb","itemListElement":[{"@type":"ListItem","position":1,"name":"Home","item":"https:\/\/promogen.cz\/"},{"@type":"ListItem","position":2,"name":"CHCI KONZULTACI"}]},{"@type":"WebSite","@id":"https:\/\/promogen.cz\/en\/#website","url":"https:\/\/promogen.cz\/en\/","name":"E-mailing | V\u00fdkonnostn\u00ed kampan\u011b | E-shopy a weby | Tiskov\u00e9 slu\u017eby","description":"Marketingov\u00e1 agentura","publisher":{"@id":"https:\/\/promogen.cz\/en\/#organization"},"alternateName":"PromoGEN - Marketingov\u00e1 agentura","potentialAction":[{"@type":"SearchAction","target":{"@type":"EntryPoint","urlTemplate":"https:\/\/promogen.cz\/en\/?s={search_term_string}"},"query-input":{"@type":"PropertyValueSpecification","valueRequired":true,"valueName":"search_term_string"}}],"inLanguage":"en-GB"},{"@type":"Organization","@id":"https:\/\/promogen.cz\/en\/#organization","name":"E-mailing | V\u00fdkonnostn\u00ed kampan\u011b | E-shopy a weby | Tiskov\u00e9 slu\u017eby","url":"https:\/\/promogen.cz\/en\/","logo":{"@type":"ImageObject","inLanguage":"en-GB","@id":"https:\/\/promogen.cz\/en\/#\/schema\/logo\/image\/","url":"https:\/\/promogen.cz\/wp-content\/uploads\/2025\/06\/logoPG.jpg","contentUrl":"https:\/\/promogen.cz\/wp-content\/uploads\/2025\/06\/logoPG.jpg","width":317,"height":83,"caption":"E-mailing | V\u00fdkonnostn\u00ed kampan\u011b | E-shopy a weby | Tiskov\u00e9 slu\u017eby"},"image":{"@id":"https:\/\/promogen.cz\/en\/#\/schema\/logo\/image\/"},"sameAs":["https:\/\/www.facebook.com\/promogencz","https:\/\/www.linkedin.com\/company\/promogencz"]}]}},"_links":{"self":[{"href":"https:\/\/promogen.cz\/en\/wp-json\/wp\/v2\/pages\/8303","targetHints":{"allow":["GET"]}}],"collection":[{"href":"https:\/\/promogen.cz\/en\/wp-json\/wp\/v2\/pages"}],"about":[{"href":"https:\/\/promogen.cz\/en\/wp-json\/wp\/v2\/types\/page"}],"author":[{"embeddable":true,"href":"https:\/\/promogen.cz\/en\/wp-json\/wp\/v2\/users\/1"}],"replies":[{"embeddable":true,"href":"https:\/\/promogen.cz\/en\/wp-json\/wp\/v2\/comments?post=8303"}],"version-history":[{"count":3,"href":"https:\/\/promogen.cz\/en\/wp-json\/wp\/v2\/pages\/8303\/revisions"}],"predecessor-version":[{"id":9971,"href":"https:\/\/promogen.cz\/en\/wp-json\/wp\/v2\/pages\/8303\/revisions\/9971"}],"wp:attachment":[{"href":"https:\/\/promogen.cz\/en\/wp-json\/wp\/v2\/media?parent=8303"}],"curies":[{"name":"wp","href":"https:\/\/api.w.org\/{rel}","templated":true}]}}